{"id":6,"date":"2019-11-12T20:20:50","date_gmt":"2019-11-12T20:20:50","guid":{"rendered":"http:\/\/epv-kassensysteme.net\/?page_id=6"},"modified":"2024-01-02T19:27:54","modified_gmt":"2024-01-02T19:27:54","slug":"mesmerize","status":"publish","type":"page","link":"https:\/\/epvsolutions.de\/","title":{"rendered":"Front Page"},"content":{"rendered":"<div  id=\"services\" style=\"background-color: #f5fafd;\" data-label=\"Services\" data-id=\"features-16-card-bordered\" data-export-id=\"features-16-card-bordered\" data-category=\"features\" class=\"features-16-card-bordered content-section content-section-spacing\"><div  class=\"gridContainer\"> <div  class=\"row text-center\"><div  class=\"section-title-col\" data-type=\"column\"> <h2  class=\"\">Services<\/h2> <p  class=\"lead\">Wir, ein erfahrenes Team, unterst\u00fctzen Ihnen bei der Verwaltung mit passendem Kassensystem f\u00fcr Ihre Gastronomie sowie Einzelhandel. Mit langj\u00e4hriger Erfahrung in Bereich Softwareentwicklung bieten wir Ihnen den besten Service. Nach wenigen Schritten, kurze Bearbeitungszeit entwickeln wir f\u00fcr Sie ihr Kassensystem. Kontaktieren Sie uns f\u00fcr weitere Informationen. Wir freuen uns auf die gemeinsame Zusammenarbeit.<\/p><\/div> <\/div> <div  class=\"row spaced-cols\" data-type=\"row\"> <div  class=\"col-xs-12 col-sm-6 col-md-4\"> <div  class=\"card no-padding bordered y-move\"> <img  decoding=\"async\" class=\"face\" src=\"http:\/\/epv-kassensysteme.net\/wp-content\/plugins\/mesmerize-companion\/theme-data\/mesmerize\/sections\/images\/computer-2569652.jpg\"> <div  data-type=\"column\" class=\"col-padding-small col-padding-small-xs description-container\"> <h4  class=\"font-500\">Consulting<\/h4> <p  class=\"\">Wir bieten Ihnen eine ausf\u00fchrliche Beratung an. Beim dem ersten Treff nennen Sie uns ihre Anforderungen, ihre W\u00fcnsche. Zusammen mit Ihnen entwerfen wir ein erstes Konzept, welches weiterausgebaut wird. Ebenfalls stellen und bieten wir Ihnen unsere Kassen-Produkte an. Das bedeutet entsprechend ihrer Unternehmen- Gastronomiegr\u00f6\u00dfe und ihrem Budget bieten wir unterschiedliche Ger\u00e4te(Drucker, Display\/Tablet\u2026) an. Die Wahl liegt bei Ihnen.\n\n<br >\n<\/p><\/div> <div  data-type=\"column\" class=\"col-padding-small col-padding-small-xs read-more-container\"><\/div> <\/div><\/div> <div  class=\"col-xs-12 col-sm-6 col-md-4\"><div  class=\"card no-padding bordered y-move\"> <img  decoding=\"async\" class=\"face\" src=\"http:\/\/epv-kassensysteme.net\/wp-content\/plugins\/mesmerize-companion\/theme-data\/mesmerize\/sections\/images\/apple-1838564.jpg\"> <div  data-type=\"column\" class=\"col-padding-small col-padding-small-xs description-container\"> <h4  class=\"font-500\">Programmierung<\/h4> <p  class=\"\">Nach der Aufnahme ihre Anforderungen programmieren wir unsere Software passend an ihrer Vorstellung. Wir gestalten das Kassensystem so, dass sie leicht zu bedienen und benutzerfreundlich ist.<br ><br >Beim zweiten Treff bekommen Sie ihr rohes Konzept nun in ausf\u00fchrlicher Form. Ihr Kassensystem ist somit fertig. Sie haben immer die M\u00f6glichkeit \u00c4nderungen vorzunehmen. Sollten Sie mit dem fertigen Kassensystem zufrieden sein, k\u00f6nnen wir mit dem Setup beginnen.\n<\/p><\/div> <div  data-type=\"column\" class=\"col-padding-small col-padding-small-xs read-more-container\"><\/div> <\/div><\/div> <div  class=\"col-xs-12 col-sm-6 col-md-4\"><div  class=\"card no-padding bordered y-move\"> <img  decoding=\"async\" class=\"face\" src=\"http:\/\/epv-kassensysteme.net\/wp-content\/plugins\/mesmerize-companion\/theme-data\/mesmerize\/sections\/images\/laptop-2559795.jpg\"> <div  data-type=\"column\" class=\"col-padding-small col-padding-small-xs description-container\"> <h4  class=\"font-500\">Setup &amp; Support<\/h4> <p  class=\"\">Unabh\u00e4ngig von ihrem Unternehmensstandort, kommen wir zu Ihnen und \u00fcbernehmen das gesamte Setup. Wir bieten Ihnen nach dem Setup nat\u00fcrlich auch eine Bedienungsanleitung dann sie sollen das volle Verstehen \u00fcber das Programm haben.<br >Wir sind immer f\u00fcr Sie da. Sollten Sie Fragen zu ihrem Kassensystem haben? Sind Sie unsicher ob sie richtig machen? Was machen sie beim Ausfall des Systems? Rufen Sie uns an oder schreiben Sie an uns und wir beantworten ihre Fragen schnell wie m\u00f6glich.<\/p><\/div> <div  data-type=\"column\" class=\"col-padding-small col-padding-small-xs read-more-container\"><\/div> <\/div><\/div> <\/div><\/div> <\/div><div  data-label=\"About\" data-id=\"about--1\" data-export-id=\"about-4\" data-category=\"about\" class=\"about-4 content-section content-section-spacing\" id=\"about-1\" style=\"background-color: rgb(255, 255, 255);\"><div  class=\"gridContainer\"> <div  class=\"row middle-sm text-center\"><div  class=\"col-sm-5 space-bottom-xs\" data-type=\"column\">  <h2  class=\"\">\u00dcber uns<\/h2> <p  class=\"\">Wir sind ein junges und engagiertes Team. Wir haben zahlreiche Erfahrungen im Bereich Softwareentwicklung f\u00fcr unterschiedlichen Branchen besonders im Bereich Gastronomie. Mit unserer Erfahrung haben wir eine Anwendung f\u00fcr Gastronomie entwickelt, die von Finanzamt vorgegeben, GoDB \u2013 GDPdU konform, TSE und DFKA e.V. sind.<br >Vielen Dank<br >EPV Team.<\/p> <\/div> <div  class=\"col-sm-7 flexbox center-xs middle-xs image-group-2-img\"> <img  decoding=\"async\" class=\"img-1 shadow-large\" data-size=\"250x200\" src=\"http:\/\/epv-kassensysteme.net\/wp-content\/plugins\/mesmerize-companion\/theme-data\/mesmerize\/sections\/images\/apple-1838564.jpg\"> <img  decoding=\"async\" class=\"img-2 shadow-large\" data-size=\"220x170\" src=\"http:\/\/epv-kassensysteme.net\/wp-content\/plugins\/mesmerize-companion\/theme-data\/mesmerize\/sections\/images\/computer-2569652.jpg\"><\/div> <\/div><\/div> <\/div><div  id=\"kontakt\" data-label=\"Kontakt\" data-id=\"contact-1\" data-export-id=\"contact-1\" data-category=\"contact\" class=\"contact-1 content-section content-section-spacing white-text\" data-parallax-depth=\"20\"><div  class=\"gridContainer\"> <div  class=\"row text-center\"><div  class=\"section-title-col\" data-type=\"column\"> <h2  class=\"\">Kontaktieren Sie uns<\/h2> <p  class=\"lead\">Wir freuen uns sehr Ihr Feedback zu bekommen.<\/p><\/div> <\/div> <div  class=\"row text-center\"> <div  class=\"col-xs-12 col-sm-8 col-sm-offset-2 contact-form-wrapper inline-info\"> <div  class=\"card large-padding\"> <div  class=\"\" data-content-shortcode=\"mesmerize_contact_form shortcode=&quot;contact-form-7 id=&amp;amp;quot;26&amp;amp;quot; title=&amp;amp;quot;Kontakt&amp;amp;quot;&quot;\" data-editable=\"true\"><div role=\"form\" class=\"wpcf7\" id=\"wpcf7-f26-o1\" lang=\"en-US\" dir=\"ltr\">\n<div class=\"screen-reader-response\"><p role=\"status\" aria-live=\"polite\" aria-atomic=\"true\"><\/p> <ul><\/ul><\/div>\n<form action=\"\/index.php?rest_route=%2Fwp%2Fv2%2Fpages%2F6#wpcf7-f26-o1\" method=\"post\" class=\"wpcf7-form init\" novalidate=\"novalidate\" data-status=\"init\">\n<div style=\"display: none;\">\n<input type=\"hidden\" name=\"_wpcf7\" value=\"26\" \/>\n<input type=\"hidden\" name=\"_wpcf7_version\" value=\"5.3.2\" \/>\n<input type=\"hidden\" name=\"_wpcf7_locale\" value=\"en_US\" \/>\n<input type=\"hidden\" name=\"_wpcf7_unit_tag\" value=\"wpcf7-f26-o1\" \/>\n<input type=\"hidden\" name=\"_wpcf7_container_post\" value=\"0\" \/>\n<input type=\"hidden\" name=\"_wpcf7_posted_data_hash\" value=\"\" \/>\n<\/div>\n<p><label> Ihr Name  (*)<br \/>\n    <span class=\"wpcf7-form-control-wrap your-name\"><input type=\"text\" name=\"your-name\" value=\"\" size=\"40\" class=\"wpcf7-form-control wpcf7-text wpcf7-validates-as-required\" aria-required=\"true\" aria-invalid=\"false\" \/><\/span> <\/label><\/p>\n<p><label> Ihre Email (*)<br \/>\n    <span class=\"wpcf7-form-control-wrap your-email\"><input type=\"email\" name=\"your-email\" value=\"\" size=\"40\" class=\"wpcf7-form-control wpcf7-text wpcf7-email wpcf7-validates-as-required wpcf7-validates-as-email\" aria-required=\"true\" aria-invalid=\"false\" \/><\/span> <\/label><\/p>\n<p><label> Subjekt<br \/>\n    <span class=\"wpcf7-form-control-wrap your-subject\"><input type=\"text\" name=\"your-subject\" value=\"\" size=\"40\" class=\"wpcf7-form-control wpcf7-text\" aria-invalid=\"false\" \/><\/span> <\/label><\/p>\n<p><label> Ihre Nachricht<br \/>\n    <span class=\"wpcf7-form-control-wrap your-message\"><textarea name=\"your-message\" cols=\"40\" rows=\"10\" class=\"wpcf7-form-control wpcf7-textarea\" aria-invalid=\"false\"><\/textarea><\/span> <\/label><\/p>\n<p><input type=\"submit\" value=\"Senden\" class=\"wpcf7-form-control wpcf7-submit\" \/><\/p>\n<div class=\"wpcf7-response-output\" aria-hidden=\"true\"><\/div><\/form><\/div><\/div><\/div> <\/div><\/div> <\/div><\/div><div  id=\"impressum\" style=\"background-color: #f5fafd;\" data-label=\"Impressum\" data-id=\"content-3\" data-export-id=\"content-3\" data-category=\"content\" class=\"content-3 content-section content-section-spacing\"><div > <div  class=\"row middle-xs\"><div  class=\"col-sm-7 full-col-left-padding full-col-right-padding\"> <div  class=\"row\"><div  data-type=\"column\" class=\"space-bottom-small content-title-col\">  <h2  class=\"\">Impressum<\/h2> <\/div> <\/div> <div  class=\"row spaced-cols\" data-type=\"row\"> <div  class=\"col-xs-6\" data-type=\"column\"> <h5  class=\"\">Adresse<\/h5> <p  class=\"\">Bennweg 8<br >13055 Berlin<\/p><\/div> <div  class=\"col-xs-6\" data-type=\"column\"><h5  class=\"\">Email<\/h5> <p  class=\"\">berlin.kassensystem@gmail.com<br >info@epvsolutions.de<\/p><\/div> <div  class=\"col-xs-6\" data-type=\"column\"><h5  class=\"\">Telefon<\/h5> <p  class=\"\">+ 49 176 2169 1823<\/p><\/div> <div  class=\"col-xs-6\" data-type=\"column\"><h5  class=\"\">Inhaber<\/h5> <p  class=\"\">Herr Trung Hieu Vo\n<br >&nbsp;USt-IdNr. DE341624125<\/p><\/div> <\/div><\/div> <div  class=\"col-sm-5 bg-image shadow-large-black revert-classes-holder\" data-bg=\"image\"><\/div><\/div> <\/div><\/div>","protected":false},"excerpt":{"rendered":"<p>Services Wir, ein erfahrenes Team, unterst\u00fctzen Ihnen bei der Verwaltung mit passendem Kassensystem f\u00fcr Ihre Gastronomie sowie Einzelhandel. Mit langj\u00e4hriger Erfahrung in Bereich Softwareentwicklung bieten wir Ihnen den besten Service. Nach wenigen Schritten, kurze Bearbeitungszeit entwickeln wir f\u00fcr Sie ihr Kassensystem. Kontaktieren Sie uns f\u00fcr weitere Informationen. Wir freuen uns auf die gemeinsame Zusammenarbeit. Consulting&hellip; <br \/> <a class=\"read-more\" href=\"https:\/\/epvsolutions.de\/\">Read more<\/a><\/p>\n","protected":false},"author":1,"featured_media":0,"parent":0,"menu_order":0,"comment_status":"closed","ping_status":"closed","template":"page-templates\/homepage.php","meta":{"footnotes":""},"class_list":["post-6","page","type-page","status-publish","hentry"],"_links":{"self":[{"href":"https:\/\/epvsolutions.de\/index.php?rest_route=\/wp\/v2\/pages\/6","targetHints":{"allow":["GET"]}}],"collection":[{"href":"https:\/\/epvsolutions.de\/index.php?rest_route=\/wp\/v2\/pages"}],"about":[{"href":"https:\/\/epvsolutions.de\/index.php?rest_route=\/wp\/v2\/types\/page"}],"author":[{"embeddable":true,"href":"https:\/\/epvsolutions.de\/index.php?rest_route=\/wp\/v2\/users\/1"}],"replies":[{"embeddable":true,"href":"https:\/\/epvsolutions.de\/index.php?rest_route=%2Fwp%2Fv2%2Fcomments&post=6"}],"version-history":[{"count":15,"href":"https:\/\/epvsolutions.de\/index.php?rest_route=\/wp\/v2\/pages\/6\/revisions"}],"predecessor-version":[{"id":78,"href":"https:\/\/epvsolutions.de\/index.php?rest_route=\/wp\/v2\/pages\/6\/revisions\/78"}],"wp:attachment":[{"href":"https:\/\/epvsolutions.de\/index.php?rest_route=%2Fwp%2Fv2%2Fmedia&parent=6"}],"curies":[{"name":"wp","href":"https:\/\/api.w.org\/{rel}","templated":true}]}}